{"id":11610,"date":"2023-03-28T15:02:11","date_gmt":"2023-03-28T15:02:11","guid":{"rendered":"https:\/\/www.sure.be\/assurance-auto"},"modified":"2026-05-04T09:17:36","modified_gmt":"2026-05-04T09:17:36","slug":"assurance-auto","status":"publish","type":"page","link":"https:\/\/www.sure.be\/fr\/assurance-auto","title":{"rendered":"Assurance Auto"},"content":{"rendered":"\t\t<div data-elementor-type=\"wp-page\" data-elementor-id=\"11610\" class=\"elementor elementor-11610 elementor-11553\">\n\t\t\t\t\t\t\t\t\t<section class=\"elementor-section elementor-top-section elementor-element elementor-element-2e0fe41 elementor-section-boxed elementor-section-height-default elementor-section-height-default\" data-id=\"2e0fe41\" data-element_type=\"section\">\n\t\t\t\t\t\t<div class=\"elementor-container elementor-column-gap-default\">\n\t\t\t\t\t<div class=\"elementor-column elementor-col-100 elementor-top-column elementor-element elementor-element-7d7f1ed\" data-id=\"7d7f1ed\" data-element_type=\"column\">\n\t\t\t<div class=\"elementor-widget-wrap\">\n\t\t\t\t\t\t\t\t\t<\/div>\n\t\t<\/div>\n\t\t\t\t\t\t\t<\/div>\n\t\t<\/section>\n\t\t\t\t<section class=\"elementor-section elementor-top-section elementor-element elementor-element-813dcf8 elementor-section-boxed elementor-section-height-default elementor-section-height-default\" data-id=\"813dcf8\" data-element_type=\"section\">\n\t\t\t\t\t\t<div class=\"elementor-container elementor-column-gap-default\">\n\t\t\t\t\t<div class=\"elementor-column elementor-col-100 elementor-top-column elementor-element elementor-element-ebc7fb3\" data-id=\"ebc7fb3\" data-element_type=\"column\">\n\t\t\t<div class=\"elementor-widget-wrap elementor-element-populated\">\n\t\t\t\t\t\t\t\t<div class=\"elementor-element elementor-element-1b52a1f elementor-widget elementor-widget-text-editor\" data-id=\"1b52a1f\" data-element_type=\"widget\" data-widget_type=\"text-editor.default\">\n\t\t\t\t<div class=\"elementor-widget-container\">\n\t\t\t<style>\/*! elementor - v3.11.5 - 14-03-2023 *\/\n.elementor-widget-text-editor.elementor-drop-cap-view-stacked .elementor-drop-cap{background-color:#818a91;color:#fff}.elementor-widget-text-editor.elementor-drop-cap-view-framed .elementor-drop-cap{color:#818a91;border:3px solid;background-color:transparent}.elementor-widget-text-editor:not(.elementor-drop-cap-view-default) .elementor-drop-cap{margin-top:8px}.elementor-widget-text-editor:not(.elementor-drop-cap-view-default) .elementor-drop-cap-letter{width:1em;height:1em}.elementor-widget-text-editor .elementor-drop-cap{float:left;text-align:center;line-height:1;font-size:50px}.elementor-widget-text-editor .elementor-drop-cap-letter{display:inline-block}<\/style>\t\t\t\t<p>Cherchez-vous une nouvelle assurance auto?<\/p>\n\t\t\t\t\t\t<\/div>\n\t\t\t\t<\/div>\n\t\t\t\t<div class=\"elementor-element elementor-element-1f0e937 elementor-widget elementor-widget-button\" data-id=\"1f0e937\" data-element_type=\"widget\" data-widget_type=\"button.default\">\n\t\t\t\t<div class=\"elementor-widget-container\">\n\t\t\t\t\t<div class=\"elementor-button-wrapper\">\n\t\t\t<a href=\"https:\/\/www.assurances.be\/assurance-auto\" class=\"elementor-button-link elementor-button elementor-size-sm\" role=\"button\">\n\t\t\t\t\t\t<span class=\"elementor-button-content-wrapper\">\n\t\t\t\t\t\t<span class=\"elementor-button-text\">&gt; Calculez votre assurance auto<\/span>\n\t\t<\/span>\n\t\t\t\t\t<\/a>\n\t\t<\/div>\n\t\t\t\t<\/div>\n\t\t\t\t<\/div>\n\t\t\t\t\t<\/div>\n\t\t<\/div>\n\t\t\t\t\t\t\t<\/div>\n\t\t<\/section>\n\t\t\t\t<section class=\"elementor-section elementor-top-section elementor-element elementor-element-b6f94f0 elementor-section-boxed elementor-section-height-default elementor-section-height-default\" data-id=\"b6f94f0\" data-element_type=\"section\">\n\t\t\t\t\t\t<div class=\"elementor-container elementor-column-gap-default\">\n\t\t\t\t\t<div class=\"elementor-column elementor-col-100 elementor-top-column elementor-element elementor-element-d35ec49\" data-id=\"d35ec49\" data-element_type=\"column\">\n\t\t\t<div class=\"elementor-widget-wrap elementor-element-populated\">\n\t\t\t\t\t\t\t\t<div class=\"elementor-element elementor-element-ef3ae65 elementor-widget elementor-widget-text-editor\" data-id=\"ef3ae65\" data-element_type=\"widget\" data-widget_type=\"text-editor.default\">\n\t\t\t\t<div class=\"elementor-widget-container\">\n\t\t\t\t\t\t\t<h2>Pourquoi dois-je souscrire une assurance auto ?<\/h2>\n<p>Vous \u00eates l\u00e9galement tenu(e) de souscrire une assurance RC auto. Cette assurance couvre les dommages physiques et mat\u00e9riels que vous causez \u00e0 des tiers avec votre voiture. En plus de l\u2019assurance RC auto, vous pouvez opter pour des formules d\u2019assurance plus compl\u00e8tes, telles que la petite omnium et l\u2019omnium compl\u00e8te, qui contiennent plus que l\u2019assurance RC auto.    <\/p>\n<h2>Que couvre mon Sure assurance voiture ?<\/h2>\n<p>Vous pouvez choisir entre trois formules.<\/p>\n<h3>Assurance auto RC<\/h3>\n<p>L&rsquo;assurance auto RC est l&rsquo;option la moins ch\u00e8re, mais les garanties sont limit\u00e9es. Vous n&rsquo;\u00eates couvert que pour les dommages que vous devez causer \u00e0 autrui avec votre v\u00e9hicule. Les dommages non caus\u00e9s par un accident ne sont pas couverts. Cette formule est id\u00e9ale pour les vieux v\u00e9hicules.<\/p>\n<ul>\n<li>Les dommages caus\u00e9s \u00e0 votre propre voiture ne sont pas couverts.<\/li>\n<\/ul>\n<h3>Mini Omnium<\/h3>\n<p>Une assurance mini omnium vous offre une couverture plus compl\u00e8te que celle de votre assurance ba. Une option id\u00e9ale pour les voitures qui ne sont plus neuves, mais qui ont encore de la valeur, ou pour ceux qui souhaitent une protection suppl\u00e9mentaire.<\/p>\n<ul>\n<li>Incendie<\/li>\n<li>Bris de verre<\/li>\n<li>Les catastrophes naturelles<\/li>\n<li>Vol<\/li>\n<li>Heurt avec un animal<\/li>\n<\/ul>\n<h3>Full Omnium<\/h3>\n<p>L&rsquo;omnium complet vous offre la couverture la plus compl\u00e8te. Il est recommand\u00e9 de choisir cette option si vous venez d&rsquo;acheter une voiture neuve. <\/p>\n<ul>\n<li>Incendie<\/li>\n<li>Bris de verre<\/li>\n<li>Les catastrophes naturelles<\/li>\n<li>Vol<\/li>\n<li>Heurt avec un animal<\/li>\n<li>Dommages propres<\/li>\n<\/ul>\n<h2>Comment souscrire une assurance auto en ligne ?<\/h2>\n<p>Souscrire une assurance auto en ligne est pratique et rapide. De plus, c&rsquo;est tr\u00e8s simple. Il suffit de suivre les \u00e9tapes suivantes :<\/p>\n<ol>\n<li>Cliquez sur le bouton \u00ab\u00a0Calculez votre assurance auto\u00a0\u00bb<\/li>\n<li>Entrez les d\u00e9tails de votre voiture.<\/li>\n<li>Remplissez vos donn\u00e9es.<\/li>\n<li>Obtenez une analyse claire de vos options, de votre prime et de votre contenu. Faites votre choix ici !<\/li>\n<li>Cliquez sur \u00ab\u00a0voir le devis\u00a0\u00bb ou \u00ab\u00a0choisir\u00a0\u00bb.<\/li>\n<li>Vous pouvez obtenir un devis gratuit ou souscrire en ligne pour que tout soit fait.<\/li>\n<\/ol>\n<h2>Comment le prix assurance auto est-il calcul\u00e9 ?<\/h2>\n<p>Le montant de votre prime d&rsquo;assurance auto d\u00e9pend de votre situation. Il diff\u00e8re d&rsquo;une personne \u00e0 l&rsquo;autre. Chez Sure, vous pouvez b\u00e9n\u00e9ficier d&rsquo;une assurance abordable, mais nous tenons \u00e0 \u00eatre transparents dans la mani\u00e8re dont nous calculons le prix. Le prix de votre assurance auto est calcul\u00e9 sur la base des crit\u00e8res suivants :<\/p>\n<p><b>Valeur auto. <\/b><span style=\"font-size: 1rem; letter-spacing: -0.011em; font-family: inherit;\">La valeur factur\u00e9e de votre voiture d\u00e9termine le montant assur\u00e9.<\/span><\/p>\n<p><strong>Puissance auto.<\/strong> La puissance est un facteur d\u00e9terminant dans la prime de votre assurance auto. Plus la puissance (kW) est \u00e9lev\u00e9e, plus la prime est \u00e9lev\u00e9e et vice versa<\/p>\n<p><strong>Utilisation auto.<\/strong> Si vous utilisez \u00e9galement la voiture \u00e0 des fins professionnelles, vous paierez une prime plus \u00e9lev\u00e9e.<\/p>\n<p><strong>Nombre de kilom\u00e8tres<\/strong> Plus vous parcourez de kilom\u00e8tres, plus le risque d\u2019un accident. Et plus la prime est \u00e9lev\u00e9e.<\/p>\n<p><strong>Historique de sinistralit\u00e9.<\/strong> Les cinq derni\u00e8res ann\u00e9es de votre historique de sinistres sont importantes : si vous n&rsquo;avez pas eu d&rsquo;accident, vous obtiendrez une prime avantageuse.<\/p>\n<p><strong>R\u00e9sidence.<\/strong> Le nombre d\u2019accidents est plus \u00e9lev\u00e9 dans une ville anim\u00e9e que dans un village ou une municipalit\u00e9 peu fr\u00e9quent\u00e9. Votre prime est en partie d\u00e9termin\u00e9e par votre code postal et votre rue.<\/p>\n<p><strong>\u00c2ge.<\/strong> Votre \u00e2ge et votre exp\u00e9rience sont importants pour r\u00e9duire votre risque.<\/p>\n\t\t\t\t\t\t<\/div>\n\t\t\t\t<\/div>\n\t\t\t\t\t<\/div>\n\t\t<\/div>\n\t\t\t\t\t\t\t<\/div>\n\t\t<\/section>\n\t\t\t\t<section class=\"elementor-section elementor-top-section elementor-element elementor-element-a09046b elementor-section-boxed elementor-section-height-default elementor-section-height-default\" data-id=\"a09046b\" data-element_type=\"section\">\n\t\t\t\t\t\t<div class=\"elementor-container elementor-column-gap-default\">\n\t\t\t\t\t<div class=\"elementor-column elementor-col-100 elementor-top-column elementor-element elementor-element-e592955\" data-id=\"e592955\" data-element_type=\"column\">\n\t\t\t<div class=\"elementor-widget-wrap elementor-element-populated\">\n\t\t\t\t\t\t\t\t<div class=\"elementor-element elementor-element-60f0f26 elementor-widget-divider--view-line elementor-widget elementor-widget-divider\" data-id=\"60f0f26\" data-element_type=\"widget\" data-widget_type=\"divider.default\">\n\t\t\t\t<div class=\"elementor-widget-container\">\n\t\t\t<style>\/*! elementor - v3.11.5 - 14-03-2023 *\/\n.elementor-widget-divider{--divider-border-style:none;--divider-border-width:1px;--divider-color:#2c2c2c;--divider-icon-size:20px;--divider-element-spacing:10px;--divider-pattern-height:24px;--divider-pattern-size:20px;--divider-pattern-url:none;--divider-pattern-repeat:repeat-x}.elementor-widget-divider .elementor-divider{display:flex}.elementor-widget-divider .elementor-divider__text{font-size:15px;line-height:1;max-width:95%}.elementor-widget-divider .elementor-divider__element{margin:0 var(--divider-element-spacing);flex-shrink:0}.elementor-widget-divider .elementor-icon{font-size:var(--divider-icon-size)}.elementor-widget-divider .elementor-divider-separator{display:flex;margin:0;direction:ltr}.elementor-widget-divider--view-line_icon .elementor-divider-separator,.elementor-widget-divider--view-line_text .elementor-divider-separator{align-items:center}.elementor-widget-divider--view-line_icon .elementor-divider-separator:after,.elementor-widget-divider--view-line_icon .elementor-divider-separator:before,.elementor-widget-divider--view-line_text .elementor-divider-separator:after,.elementor-widget-divider--view-line_text .elementor-divider-separator:before{display:block;content:\"\";border-bottom:0;flex-grow:1;border-top:var(--divider-border-width) var(--divider-border-style) var(--divider-color)}.elementor-widget-divider--element-align-left .elementor-divider .elementor-divider-separator>.elementor-divider__svg:first-of-type{flex-grow:0;flex-shrink:100}.elementor-widget-divider--element-align-left .elementor-divider-separator:before{content:none}.elementor-widget-divider--element-align-left .elementor-divider__element{margin-left:0}.elementor-widget-divider--element-align-right .elementor-divider .elementor-divider-separator>.elementor-divider__svg:last-of-type{flex-grow:0;flex-shrink:100}.elementor-widget-divider--element-align-right .elementor-divider-separator:after{content:none}.elementor-widget-divider--element-align-right .elementor-divider__element{margin-right:0}.elementor-widget-divider:not(.elementor-widget-divider--view-line_text):not(.elementor-widget-divider--view-line_icon) .elementor-divider-separator{border-top:var(--divider-border-width) var(--divider-border-style) var(--divider-color)}.elementor-widget-divider--separator-type-pattern{--divider-border-style:none}.elementor-widget-divider--separator-type-pattern.elementor-widget-divider--view-line .elementor-divider-separator,.elementor-widget-divider--separator-type-pattern:not(.elementor-widget-divider--view-line) .elementor-divider-separator:after,.elementor-widget-divider--separator-type-pattern:not(.elementor-widget-divider--view-line) .elementor-divider-separator:before,.elementor-widget-divider--separator-type-pattern:not([class*=elementor-widget-divider--view]) .elementor-divider-separator{width:100%;min-height:var(--divider-pattern-height);-webkit-mask-size:var(--divider-pattern-size) 100%;mask-size:var(--divider-pattern-size) 100%;-webkit-mask-repeat:var(--divider-pattern-repeat);mask-repeat:var(--divider-pattern-repeat);background-color:var(--divider-color);-webkit-mask-image:var(--divider-pattern-url);mask-image:var(--divider-pattern-url)}.elementor-widget-divider--no-spacing{--divider-pattern-size:auto}.elementor-widget-divider--bg-round{--divider-pattern-repeat:round}.rtl .elementor-widget-divider .elementor-divider__text{direction:rtl}.e-con-inner>.elementor-widget-divider,.e-con>.elementor-widget-divider{width:var(--container-widget-width,100%);--flex-grow:var(--container-widget-flex-grow)}<\/style>\t\t<div class=\"elementor-divider\">\n\t\t\t<span class=\"elementor-divider-separator\">\n\t\t\t\t\t\t<\/span>\n\t\t<\/div>\n\t\t\t\t<\/div>\n\t\t\t\t<\/div>\n\t\t\t\t\t<\/div>\n\t\t<\/div>\n\t\t\t\t\t\t\t<\/div>\n\t\t<\/section>\n\t\t\t\t<section class=\"elementor-section elementor-top-section elementor-element elementor-element-0e694de elementor-section-boxed elementor-section-height-default elementor-section-height-default\" data-id=\"0e694de\" data-element_type=\"section\">\n\t\t\t\t\t\t<div class=\"elementor-container elementor-column-gap-default\">\n\t\t\t\t\t<div class=\"elementor-column elementor-col-100 elementor-top-column elementor-element elementor-element-f37543e\" data-id=\"f37543e\" data-element_type=\"column\">\n\t\t\t<div class=\"elementor-widget-wrap elementor-element-populated\">\n\t\t\t\t\t\t\t\t<div class=\"elementor-element elementor-element-32fd58f elementor-widget elementor-widget-heading\" data-id=\"32fd58f\" data-element_type=\"widget\" data-widget_type=\"heading.default\">\n\t\t\t\t<div class=\"elementor-widget-container\">\n\t\t\t<style>\/*! elementor - v3.11.5 - 14-03-2023 *\/\n.elementor-heading-title{padding:0;margin:0;line-height:1}.elementor-widget-heading .elementor-heading-title[class*=elementor-size-]>a{color:inherit;font-size:inherit;line-height:inherit}.elementor-widget-heading .elementor-heading-title.elementor-size-small{font-size:15px}.elementor-widget-heading .elementor-heading-title.elementor-size-medium{font-size:19px}.elementor-widget-heading .elementor-heading-title.elementor-size-large{font-size:29px}.elementor-widget-heading .elementor-heading-title.elementor-size-xl{font-size:39px}.elementor-widget-heading .elementor-heading-title.elementor-size-xxl{font-size:59px}<\/style><h2 class=\"elementor-heading-title elementor-size-default\">Documents<\/h2>\t\t<\/div>\n\t\t\t\t<\/div>\n\t\t\t\t\t<\/div>\n\t\t<\/div>\n\t\t\t\t\t\t\t<\/div>\n\t\t<\/section>\n\t\t\t\t<section class=\"elementor-section elementor-top-section elementor-element elementor-element-51b59ea elementor-section-boxed elementor-section-height-default elementor-section-height-default\" data-id=\"51b59ea\" data-element_type=\"section\">\n\t\t\t\t\t\t<div class=\"elementor-container elementor-column-gap-default\">\n\t\t\t\t\t<div class=\"elementor-column elementor-col-100 elementor-top-column elementor-element elementor-element-4465104\" data-id=\"4465104\" data-element_type=\"column\">\n\t\t\t<div class=\"elementor-widget-wrap elementor-element-populated\">\n\t\t\t\t\t\t\t\t<div class=\"elementor-element elementor-element-6033b8d elementor-widget elementor-widget-text-editor\" data-id=\"6033b8d\" data-element_type=\"widget\" data-widget_type=\"text-editor.default\">\n\t\t\t\t<div class=\"elementor-widget-container\">\n\t\t\t\t\t\t\t<p><a href=\"https:\/\/www.sure.be\/wp-content\/uploads\/2026\/05\/AV-essential-car-FR-V5-ceres.pdf\">Mobility Car Essential termes et conditions<\/a><\/p><p><a href=\"https:\/\/www.sure.be\/wp-content\/uploads\/2026\/05\/2023_nn_folder_car_insurance_fr_v2.pdf\">Mobility termes et conditions<\/a><\/p><p><a href=\"https:\/\/www.sure.be\/wp-content\/uploads\/2026\/05\/NN-Mobility-Conditions-minimales.pdf\">Mobility termes et conditions minimum<\/a><\/p><p><a href=\"https:\/\/prdvzkcdn.blob.core.windows.net\/img\/insurance-documents\/general-conditions\/nl\/Inlichtingenfiche%20NN%20Car%20Insurance.pdf\">Fiche d&rsquo;information<\/a><\/p><p><a href=\"https:\/\/www.sure.be\/wp-content\/uploads\/2026\/05\/ipid-car-Essential-FR-V-2.1-ceres.pdf\">IPID fiche<\/a><\/p>\t\t\t\t\t\t<\/div>\n\t\t\t\t<\/div>\n\t\t\t\t\t<\/div>\n\t\t<\/div>\n\t\t\t\t\t\t\t<\/div>\n\t\t<\/section>\n\t\t\t\t\t\t\t<\/div>\n\t\t","protected":false},"excerpt":{"rendered":"<p>Cherchez-vous une nouvelle assurance auto? &gt; Calculez votre assurance auto Pourquoi dois-je souscrire une assurance auto ? Vous \u00eates l\u00e9galement tenu(e) de souscrire une assurance RC auto. Cette assurance couvre les dommages physiques et mat\u00e9riels que vous causez \u00e0 des tiers avec votre voiture. En plus de l\u2019assurance RC auto, vous pouvez opter pour des [&hellip;]<\/p>\n","protected":false},"author":5,"featured_media":0,"parent":0,"menu_order":0,"comment_status":"closed","ping_status":"closed","template":"","meta":{"footnotes":""},"class_list":["post-11610","page","type-page","status-publish","hentry"],"yoast_head":"<!-- This site is optimized with the Yoast SEO plugin v20.3 - https:\/\/yoast.com\/wordpress\/plugins\/seo\/ -->\n<title>Assurance auto | Calculer votre prime | Sure<\/title>\n<meta name=\"description\" content=\"Vous cherchez une assurance auto abordable en Belgique ? Calculez votre prime rapidement et facilement via Sure.be et \u00e9conomisez !\" \/>\n<meta name=\"robots\" content=\"index, follow, max-snippet:-1, max-image-preview:large, max-video-preview:-1\" \/>\n<link rel=\"canonical\" href=\"https:\/\/www.sure.be\/fr\/assurance-auto\" \/>\n<meta property=\"og:locale\" content=\"fr_FR\" \/>\n<meta property=\"og:type\" content=\"article\" \/>\n<meta property=\"og:title\" content=\"Assurance auto | Calculer votre prime | Sure\" \/>\n<meta property=\"og:description\" content=\"Vous cherchez une assurance auto abordable en Belgique ? Calculez votre prime rapidement et facilement via Sure.be et \u00e9conomisez !\" \/>\n<meta property=\"og:url\" content=\"https:\/\/www.sure.be\/fr\/assurance-auto\" \/>\n<meta property=\"og:site_name\" content=\"Sure.be\" \/>\n<meta property=\"article:modified_time\" content=\"2026-05-04T09:17:36+00:00\" \/>\n<meta name=\"twitter:card\" content=\"summary_large_image\" \/>\n<meta name=\"twitter:label1\" content=\"Dur\u00e9e de lecture estim\u00e9e\" \/>\n\t<meta name=\"twitter:data1\" content=\"3 minutes\" \/>\n<script type=\"application\/ld+json\" class=\"yoast-schema-graph\">{\"@context\":\"https:\/\/schema.org\",\"@graph\":[{\"@type\":\"WebPage\",\"@id\":\"https:\/\/www.sure.be\/fr\/assurance-auto\",\"url\":\"https:\/\/www.sure.be\/fr\/assurance-auto\",\"name\":\"Assurance auto | Calculer votre prime | Sure\",\"isPartOf\":{\"@id\":\"https:\/\/www.sure.be\/fr#website\"},\"datePublished\":\"2023-03-28T15:02:11+00:00\",\"dateModified\":\"2026-05-04T09:17:36+00:00\",\"description\":\"Vous cherchez une assurance auto abordable en Belgique ? Calculez votre prime rapidement et facilement via Sure.be et \u00e9conomisez !\",\"breadcrumb\":{\"@id\":\"https:\/\/www.sure.be\/fr\/assurance-auto#breadcrumb\"},\"inLanguage\":\"fr-FR\",\"potentialAction\":[{\"@type\":\"ReadAction\",\"target\":[\"https:\/\/www.sure.be\/fr\/assurance-auto\"]}]},{\"@type\":\"BreadcrumbList\",\"@id\":\"https:\/\/www.sure.be\/fr\/assurance-auto#breadcrumb\",\"itemListElement\":[{\"@type\":\"ListItem\",\"position\":1,\"name\":\"Home\",\"item\":\"https:\/\/www.sure.be\/fr\"},{\"@type\":\"ListItem\",\"position\":2,\"name\":\"Assurance Auto\"}]},{\"@type\":\"WebSite\",\"@id\":\"https:\/\/www.sure.be\/fr#website\",\"url\":\"https:\/\/www.sure.be\/fr\",\"name\":\"Sure.be\",\"description\":\"Een goedkope verzekering online? Sure!\",\"publisher\":{\"@id\":\"https:\/\/www.sure.be\/fr#organization\"},\"potentialAction\":[{\"@type\":\"SearchAction\",\"target\":{\"@type\":\"EntryPoint\",\"urlTemplate\":\"https:\/\/www.sure.be\/fr?s={search_term_string}\"},\"query-input\":\"required name=search_term_string\"}],\"inLanguage\":\"fr-FR\"},{\"@type\":\"Organization\",\"@id\":\"https:\/\/www.sure.be\/fr#organization\",\"name\":\"Sure.be\",\"url\":\"https:\/\/www.sure.be\/fr\",\"logo\":{\"@type\":\"ImageObject\",\"inLanguage\":\"fr-FR\",\"@id\":\"https:\/\/www.sure.be\/fr#\/schema\/logo\/image\/\",\"url\":\"https:\/\/www.sure.be\/wp-content\/uploads\/2022\/06\/cropped-cropped-Sure-02.png\",\"contentUrl\":\"https:\/\/www.sure.be\/wp-content\/uploads\/2022\/06\/cropped-cropped-Sure-02.png\",\"width\":334,\"height\":153,\"caption\":\"Sure.be\"},\"image\":{\"@id\":\"https:\/\/www.sure.be\/fr#\/schema\/logo\/image\/\"}}]}<\/script>\n<!-- \/ Yoast SEO plugin. -->","yoast_head_json":{"title":"Assurance auto | Calculer votre prime | Sure","description":"Vous cherchez une assurance auto abordable en Belgique ? Calculez votre prime rapidement et facilement via Sure.be et \u00e9conomisez !","robots":{"index":"index","follow":"follow","max-snippet":"max-snippet:-1","max-image-preview":"max-image-preview:large","max-video-preview":"max-video-preview:-1"},"canonical":"https:\/\/www.sure.be\/fr\/assurance-auto","og_locale":"fr_FR","og_type":"article","og_title":"Assurance auto | Calculer votre prime | Sure","og_description":"Vous cherchez une assurance auto abordable en Belgique ? Calculez votre prime rapidement et facilement via Sure.be et \u00e9conomisez !","og_url":"https:\/\/www.sure.be\/fr\/assurance-auto","og_site_name":"Sure.be","article_modified_time":"2026-05-04T09:17:36+00:00","twitter_card":"summary_large_image","twitter_misc":{"Dur\u00e9e de lecture estim\u00e9e":"3 minutes"},"schema":{"@context":"https:\/\/schema.org","@graph":[{"@type":"WebPage","@id":"https:\/\/www.sure.be\/fr\/assurance-auto","url":"https:\/\/www.sure.be\/fr\/assurance-auto","name":"Assurance auto | Calculer votre prime | Sure","isPartOf":{"@id":"https:\/\/www.sure.be\/fr#website"},"datePublished":"2023-03-28T15:02:11+00:00","dateModified":"2026-05-04T09:17:36+00:00","description":"Vous cherchez une assurance auto abordable en Belgique ? Calculez votre prime rapidement et facilement via Sure.be et \u00e9conomisez !","breadcrumb":{"@id":"https:\/\/www.sure.be\/fr\/assurance-auto#breadcrumb"},"inLanguage":"fr-FR","potentialAction":[{"@type":"ReadAction","target":["https:\/\/www.sure.be\/fr\/assurance-auto"]}]},{"@type":"BreadcrumbList","@id":"https:\/\/www.sure.be\/fr\/assurance-auto#breadcrumb","itemListElement":[{"@type":"ListItem","position":1,"name":"Home","item":"https:\/\/www.sure.be\/fr"},{"@type":"ListItem","position":2,"name":"Assurance Auto"}]},{"@type":"WebSite","@id":"https:\/\/www.sure.be\/fr#website","url":"https:\/\/www.sure.be\/fr","name":"Sure.be","description":"Een goedkope verzekering online? Sure!","publisher":{"@id":"https:\/\/www.sure.be\/fr#organization"},"potentialAction":[{"@type":"SearchAction","target":{"@type":"EntryPoint","urlTemplate":"https:\/\/www.sure.be\/fr?s={search_term_string}"},"query-input":"required name=search_term_string"}],"inLanguage":"fr-FR"},{"@type":"Organization","@id":"https:\/\/www.sure.be\/fr#organization","name":"Sure.be","url":"https:\/\/www.sure.be\/fr","logo":{"@type":"ImageObject","inLanguage":"fr-FR","@id":"https:\/\/www.sure.be\/fr#\/schema\/logo\/image\/","url":"https:\/\/www.sure.be\/wp-content\/uploads\/2022\/06\/cropped-cropped-Sure-02.png","contentUrl":"https:\/\/www.sure.be\/wp-content\/uploads\/2022\/06\/cropped-cropped-Sure-02.png","width":334,"height":153,"caption":"Sure.be"},"image":{"@id":"https:\/\/www.sure.be\/fr#\/schema\/logo\/image\/"}}]}},"_links":{"self":[{"href":"https:\/\/www.sure.be\/fr\/wp-json\/wp\/v2\/pages\/11610","targetHints":{"allow":["GET"]}}],"collection":[{"href":"https:\/\/www.sure.be\/fr\/wp-json\/wp\/v2\/pages"}],"about":[{"href":"https:\/\/www.sure.be\/fr\/wp-json\/wp\/v2\/types\/page"}],"author":[{"embeddable":true,"href":"https:\/\/www.sure.be\/fr\/wp-json\/wp\/v2\/users\/5"}],"replies":[{"embeddable":true,"href":"https:\/\/www.sure.be\/fr\/wp-json\/wp\/v2\/comments?post=11610"}],"version-history":[{"count":22,"href":"https:\/\/www.sure.be\/fr\/wp-json\/wp\/v2\/pages\/11610\/revisions"}],"predecessor-version":[{"id":11753,"href":"https:\/\/www.sure.be\/fr\/wp-json\/wp\/v2\/pages\/11610\/revisions\/11753"}],"wp:attachment":[{"href":"https:\/\/www.sure.be\/fr\/wp-json\/wp\/v2\/media?parent=11610"}],"curies":[{"name":"wp","href":"https:\/\/api.w.org\/{rel}","templated":true}]}}