{"id":11273,"date":"2022-07-04T12:58:04","date_gmt":"2022-07-04T12:58:04","guid":{"rendered":"https:\/\/www.sure.be\/assurance-incendie-proprietaire"},"modified":"2023-04-03T07:28:57","modified_gmt":"2023-04-03T07:28:57","slug":"assurance-incendie-proprietaire","status":"publish","type":"page","link":"https:\/\/www.sure.be\/fr\/assurance-incendie-proprietaire","title":{"rendered":"Assurance incendie propri\u00e9taire"},"content":{"rendered":"\t\t<div data-elementor-type=\"wp-page\" data-elementor-id=\"11273\" class=\"elementor elementor-11273 elementor-11224\">\n\t\t\t\t\t\t\t\t\t<section class=\"elementor-section elementor-top-section elementor-element elementor-element-24c54be elementor-section-boxed elementor-section-height-default elementor-section-height-default\" data-id=\"24c54be\" data-element_type=\"section\">\n\t\t\t\t\t\t<div class=\"elementor-container elementor-column-gap-default\">\n\t\t\t\t\t<div class=\"elementor-column elementor-col-100 elementor-top-column elementor-element elementor-element-cb9bb15\" data-id=\"cb9bb15\" data-element_type=\"column\">\n\t\t\t<div class=\"elementor-widget-wrap elementor-element-populated\">\n\t\t\t\t\t\t\t\t<div class=\"elementor-element elementor-element-281b6b9 elementor-widget elementor-widget-text-editor\" data-id=\"281b6b9\" data-element_type=\"widget\" data-widget_type=\"text-editor.default\">\n\t\t\t\t<div class=\"elementor-widget-container\">\n\t\t\t<style>\/*! elementor - v3.11.5 - 14-03-2023 *\/\n.elementor-widget-text-editor.elementor-drop-cap-view-stacked .elementor-drop-cap{background-color:#818a91;color:#fff}.elementor-widget-text-editor.elementor-drop-cap-view-framed .elementor-drop-cap{color:#818a91;border:3px solid;background-color:transparent}.elementor-widget-text-editor:not(.elementor-drop-cap-view-default) .elementor-drop-cap{margin-top:8px}.elementor-widget-text-editor:not(.elementor-drop-cap-view-default) .elementor-drop-cap-letter{width:1em;height:1em}.elementor-widget-text-editor .elementor-drop-cap{float:left;text-align:center;line-height:1;font-size:50px}.elementor-widget-text-editor .elementor-drop-cap-letter{display:inline-block}<\/style>\t\t\t\t<p>Vous \u00eates propri\u00e9taire et vous cherchez une assurance incendie ? Demandez votre prime ici.<\/p>\t\t\t\t\t\t<\/div>\n\t\t\t\t<\/div>\n\t\t\t\t<div class=\"elementor-element elementor-element-0ef86c9 elementor-widget elementor-widget-button\" data-id=\"0ef86c9\" data-element_type=\"widget\" data-widget_type=\"button.default\">\n\t\t\t\t<div class=\"elementor-widget-container\">\n\t\t\t\t\t<div class=\"elementor-button-wrapper\">\n\t\t\t<a href=\"https:\/\/www.assurances.be\/fire\/interview\" class=\"elementor-button-link elementor-button elementor-size-sm\" role=\"button\">\n\t\t\t\t\t\t<span class=\"elementor-button-content-wrapper\">\n\t\t\t\t\t\t\t<span class=\"elementor-button-icon elementor-align-icon-left\">\n\t\t\t\t<i aria-hidden=\"true\" class=\"fas fa-angle-right\"><\/i>\t\t\t<\/span>\n\t\t\t\t\t\t<span class=\"elementor-button-text\">Calculez votre assurance incendie<\/span>\n\t\t<\/span>\n\t\t\t\t\t<\/a>\n\t\t<\/div>\n\t\t\t\t<\/div>\n\t\t\t\t<\/div>\n\t\t\t\t\t<\/div>\n\t\t<\/div>\n\t\t\t\t\t\t\t<\/div>\n\t\t<\/section>\n\t\t\t\t<section class=\"elementor-section elementor-top-section elementor-element elementor-element-895ab07 elementor-section-boxed elementor-section-height-default elementor-section-height-default\" data-id=\"895ab07\" data-element_type=\"section\">\n\t\t\t\t\t\t<div class=\"elementor-container elementor-column-gap-default\">\n\t\t\t\t\t<div class=\"elementor-column elementor-col-100 elementor-top-column elementor-element elementor-element-2bce901\" data-id=\"2bce901\" data-element_type=\"column\">\n\t\t\t<div class=\"elementor-widget-wrap elementor-element-populated\">\n\t\t\t\t\t\t\t\t<div class=\"elementor-element elementor-element-7526efa elementor-widget elementor-widget-text-editor\" data-id=\"7526efa\" data-element_type=\"widget\" data-widget_type=\"text-editor.default\">\n\t\t\t\t<div class=\"elementor-widget-container\">\n\t\t\t\t\t\t\t<h2>Une assurance incendie: obligatoire ou non ?<\/h2>\n<strong>Oui. La banque vous obligera contractuellement \u00e0 prendre une assurance incendie.<\/strong> Quand vous contractez un cr\u00e9dit hypoth\u00e9caire pour acheter votre logement, comme la plupart des gens le font, la banque vous demande g\u00e9n\u00e9ralement de souscrire une assurance incendie.\n\nDans tous les cas, il est utile d\u2019avoir une assurance incendie. Pas moins de 95 % des Belges en ont une. On pr\u00e9f\u00e8re \u00e9videmment toujours avoir la certitude de pouvoir r\u00e9parer son logement en cas de sinistre.\n<h2>Combien co\u00fbte une assurance incendie ?<\/h2>\n<p style=\"font-family: Karla, sans-serif; letter-spacing: -0.176px;\">Le prix d\u2019une assurance incendie d\u00e9pend de plusieurs facteurs :<\/p>\n\n<ul style=\"letter-spacing: -0.176px;\">\n \t<li><span style=\"font-weight: 800;\">Les mat\u00e9riaux.<\/span>\u00a0Certains mat\u00e9riaux comme le bois sont sujets \u00e0 davantage de risques. Cela influence le montant de la prime.<\/li>\n \t<li><span style=\"font-weight: 800;\">Le lieu.<\/span>\u00a0Selon les statistiques, les cambriolages sont plus fr\u00e9quents dans les endroits recul\u00e9s que dans les zones tr\u00e8s fr\u00e9quent\u00e9es.<\/li>\n \t<li><span style=\"font-weight: 800;\">La taille et la valeur du logement.<\/span>\u00a0La taille et la valeur de votre logement influencent \u00e9galement le montant de la prime.<\/li>\n<\/ul>\n<h2>Ceci couvre la Sure Home Insurance<\/h2>\nL\u2019assurance incendie ou habitation se compose d\u2019une s\u00e9rie de garanties de base. Vous pouvez bien \u00e9videmment choisir des options compl\u00e9mentaires pour b\u00e9n\u00e9ficier d\u2019une protection compl\u00e8te.\n<ul>\n \t<li>D\u00e9g\u00e2ts d\u2019incendie, de fum\u00e9e et de suie<\/li>\n \t<li>D\u00e9g\u00e2ts \u00e9lectriques<\/li>\n \t<li>Bris de vitres<\/li>\n \t<li>Temp\u00eate ou gr\u00eale<\/li>\n \t<li>Infiltration d\u2019eau par le toit et les fa\u00e7ades ext\u00e9rieures<\/li>\n \t<li>Rupture ou fuites de canalisations<\/li>\n \t<li>Mazout<\/li>\n \t<li>Catastrophes naturelles<\/li>\n \t<li>Terrorisme (la couverture l\u00e9gale obligatoire)<\/li>\n \t<li>Responsabilit\u00e9 civile habitation<\/li>\n \t<li>D\u00e9g\u00e2ts d\u2019incendie aux v\u00e9hicules au repos<\/li>\n \t<li>Frais de recherche d\u2019un enfant disparu<\/li>\n \t<li>Les frais li\u00e9s \u00e0 la r\u00e9siliation anticipative\ndu bail par le propri\u00e9taire<\/li>\n<\/ul>\n<h2>Autres garanties \u00e0 mon assurance incendie ?<\/h2>\nVous pouvez encore compl\u00e9ter votre assurance incendie avec les options suivantes\n<ul>\n \t<li>Assurance vol<\/li>\n \t<li>Assurance mobilier<\/li>\n \t<li>Assurance protection juridique<\/li>\n<\/ul>\n<h2>Extensions de garantie en cas de sinistre couvert<\/h2>\n<ul>\n \t<li>Frais de d\u00e9molition de l\u2019habitation<\/li>\n \t<li>Frais dus \u00e0 une habitation rendue inutilisable<\/li>\n \t<li>Frais de logement si votre logement est inhabitable<\/li>\n \t<li>Frais de sauvetage et de conservation<\/li>\n \t<li>Frais de l\u2019expert appel\u00e9 par vos soins<\/li>\n \t<li>5 % d\u2019indemnit\u00e9 pour les frais suppl\u00e9mentaires<\/li>\n<\/ul>\n<h2>Exclusions \u00e0 l&rsquo;assurance incendie<\/h2>\nLes d\u00e9g\u00e2ts suivants ne sont pas couverts :\n<ul>\n \t<li>Les dommages intentionnels<\/li>\n \t<li>Les d\u00e9g\u00e2ts dus \u00e0 l\u2019usure ou \u00e0 un mauvais entretien<\/li>\n \t<li>Les d\u00e9g\u00e2ts d\u00e9coulant d\u2019une mauvaise protection ou d\u2019une n\u00e9gligence (par exemple l\u2019absence d\u2019alarme malgr\u00e9 les conditions stipul\u00e9es)<\/li>\n \t<li>Les d\u00e9g\u00e2ts dus \u00e0 une guerre, une occupation ou une confiscation<\/li>\n<\/ul>\n<h2>Souscrire Sure Home Insurance<\/h2>\nVous souhaitez contracter une assurance incendie ? Rien de plus facile que d\u2019en souscrire une en ligne. Cliquez sur le bouton au bas de cette page et encodez vos donn\u00e9es. Nous calculerons le prix de votre assurance incendie sur la base de ces donn\u00e9es. En un rien de temps.\n<h2>Vous avez des d\u00e9g\u00e2ts. Qu\u2019en est-il maintenant ?<\/h2>\nSure sommes joignables par t\u00e9l\u00e9phone 24 heures sur 24 et 7 jours sur 7 pour vos d\u00e9clarations de sinistre. Nous nous r\u00e9f\u00e9rons, si d&rsquo;application, \u00e0 votre interm\u00e9diaire d&rsquo;assurance, dont les coordonn\u00e9es figurent dans les conditions particuli\u00e8res. Vous pouvez nous appeler au num\u00e9ro <strong>+32 2 407 78 20.<\/strong> Vous pouvez \u00e9galement nous joindre par e-mail \u00e0 l\u2019adresse <strong>myclaim@nn.be.<\/strong> Dans ces conditions g\u00e9n\u00e9rales, nous vous communiquerons davantage d\u2019informations sur ce que vous devez faire en cas de sinistre.\n\n<strong>Mesures en cas de sinistre.<\/strong>\n\nEn cas de sinistre, vous devez prendre toutes les mesures n\u00e9cessaires en vue de limiter l\u2019\u00e9tendue des dommages (par exemple, placer une b\u00e2che sur un toit endommag\u00e9 pour pr\u00e9venir de nouvelles infiltrations d\u2019eau). Si vous ne le faites pas et aggravez ainsi les dommages, nous pouvons d\u00e9cider de restreindre l\u2019indemnisation. Vous ne pouvez pas apporter des modifications au bien sinistr\u00e9 qui rendraient impossible ou plus difficile la d\u00e9termination des causes du sinistre ou l\u2019estimation du dommage. Consultez-nous en toutes circonstances. Nous pourrons vous aider en cas de sinistre.\n\n<strong>La d\u00e9claration d\u2019un sinistre<\/strong>\n\n<strong>Vous devez nous d\u00e9clarer tout sinistre le plus rapidement possible et au plus tard dans les 8 jours \u00e0 compter du moment o\u00f9 vous en prenez connaissance. Les sinistres suivants doivent nous \u00eatre d\u00e9clar\u00e9s dans les 24 heures, \u00e0 compter du moment o\u00f9 vous en prenez connaissance :<\/strong>\n\n1. Un sinistre impliquant des animaux.\n\n2. Des dommages \u00e0 des denr\u00e9es alimentaires se trouvant dans un cong\u00e9lateur ou frigidaire. Si vous ne le faites pas et aggravez ainsi les dommages, nous pouvons d\u00e9cider de restreindre l\u2019indemnisation. Nous sommes joignables 24 heures sur 24 par t\u00e9l\u00e9phone pour vos d\u00e9clarations de sinistre. Appelez-nous au num\u00e9ro +32 2 407 78 20. Vous pouvez \u00e9galement nous joindre par e-mail \u00e0 l\u2019adresse myclaim@nn.be. Apr\u00e8s la d\u00e9claration, vous devez suivre nos instructions. Si vous nous envoyez un devis chiffr\u00e9 ou demande d\u2019indemnisation, en cas de sinistre couvert, soit nous marquerons notre accord pour la r\u00e9paration, soit nous d\u00e9signerons un expert.\n<h3>Souscrire une assurance incendie<\/h3>\nVoulez-vous souscrire une assurance incendie ? Vous pouvez facilement le faire en ligne. Appuyez sur le bouton en haut de cette page et saisissez quelques d\u00e9tails. Avec ces informations, nous calculerons pour vous le prix de votre assurance incendie. Sympa et rapide. Vous voulez comparer encore plus de produits ? Via <a href=\"https:\/\/www.assurances.be\">Assurances.be,<\/a> vous pouvez comparer diff\u00e9rentes assurances incendie et souscrire une police en ligne. Comparez aujourd&rsquo;hui et \u00e9conomisez.\t\t\t\t\t\t<\/div>\n\t\t\t\t<\/div>\n\t\t\t\t<div class=\"elementor-element elementor-element-cc9ce12 elementor-widget elementor-widget-button\" data-id=\"cc9ce12\" data-element_type=\"widget\" data-widget_type=\"button.default\">\n\t\t\t\t<div class=\"elementor-widget-container\">\n\t\t\t\t\t<div class=\"elementor-button-wrapper\">\n\t\t\t<a href=\"https:\/\/www.assurances.be\/fire\/interview\" class=\"elementor-button-link elementor-button elementor-size-sm\" role=\"button\">\n\t\t\t\t\t\t<span class=\"elementor-button-content-wrapper\">\n\t\t\t\t\t\t\t<span class=\"elementor-button-icon elementor-align-icon-left\">\n\t\t\t\t<i aria-hidden=\"true\" class=\"fas fa-angle-right\"><\/i>\t\t\t<\/span>\n\t\t\t\t\t\t<span class=\"elementor-button-text\">Calculez votre assurance incendie<\/span>\n\t\t<\/span>\n\t\t\t\t\t<\/a>\n\t\t<\/div>\n\t\t\t\t<\/div>\n\t\t\t\t<\/div>\n\t\t\t\t<div class=\"elementor-element elementor-element-97cff85 elementor-widget-divider--view-line elementor-widget elementor-widget-divider\" data-id=\"97cff85\" data-element_type=\"widget\" data-widget_type=\"divider.default\">\n\t\t\t\t<div class=\"elementor-widget-container\">\n\t\t\t<style>\/*! elementor - v3.11.5 - 14-03-2023 *\/\n.elementor-widget-divider{--divider-border-style:none;--divider-border-width:1px;--divider-color:#2c2c2c;--divider-icon-size:20px;--divider-element-spacing:10px;--divider-pattern-height:24px;--divider-pattern-size:20px;--divider-pattern-url:none;--divider-pattern-repeat:repeat-x}.elementor-widget-divider .elementor-divider{display:flex}.elementor-widget-divider .elementor-divider__text{font-size:15px;line-height:1;max-width:95%}.elementor-widget-divider .elementor-divider__element{margin:0 var(--divider-element-spacing);flex-shrink:0}.elementor-widget-divider .elementor-icon{font-size:var(--divider-icon-size)}.elementor-widget-divider .elementor-divider-separator{display:flex;margin:0;direction:ltr}.elementor-widget-divider--view-line_icon .elementor-divider-separator,.elementor-widget-divider--view-line_text .elementor-divider-separator{align-items:center}.elementor-widget-divider--view-line_icon .elementor-divider-separator:after,.elementor-widget-divider--view-line_icon .elementor-divider-separator:before,.elementor-widget-divider--view-line_text .elementor-divider-separator:after,.elementor-widget-divider--view-line_text .elementor-divider-separator:before{display:block;content:\"\";border-bottom:0;flex-grow:1;border-top:var(--divider-border-width) var(--divider-border-style) var(--divider-color)}.elementor-widget-divider--element-align-left .elementor-divider .elementor-divider-separator>.elementor-divider__svg:first-of-type{flex-grow:0;flex-shrink:100}.elementor-widget-divider--element-align-left .elementor-divider-separator:before{content:none}.elementor-widget-divider--element-align-left .elementor-divider__element{margin-left:0}.elementor-widget-divider--element-align-right .elementor-divider .elementor-divider-separator>.elementor-divider__svg:last-of-type{flex-grow:0;flex-shrink:100}.elementor-widget-divider--element-align-right .elementor-divider-separator:after{content:none}.elementor-widget-divider--element-align-right .elementor-divider__element{margin-right:0}.elementor-widget-divider:not(.elementor-widget-divider--view-line_text):not(.elementor-widget-divider--view-line_icon) .elementor-divider-separator{border-top:var(--divider-border-width) var(--divider-border-style) var(--divider-color)}.elementor-widget-divider--separator-type-pattern{--divider-border-style:none}.elementor-widget-divider--separator-type-pattern.elementor-widget-divider--view-line .elementor-divider-separator,.elementor-widget-divider--separator-type-pattern:not(.elementor-widget-divider--view-line) .elementor-divider-separator:after,.elementor-widget-divider--separator-type-pattern:not(.elementor-widget-divider--view-line) .elementor-divider-separator:before,.elementor-widget-divider--separator-type-pattern:not([class*=elementor-widget-divider--view]) .elementor-divider-separator{width:100%;min-height:var(--divider-pattern-height);-webkit-mask-size:var(--divider-pattern-size) 100%;mask-size:var(--divider-pattern-size) 100%;-webkit-mask-repeat:var(--divider-pattern-repeat);mask-repeat:var(--divider-pattern-repeat);background-color:var(--divider-color);-webkit-mask-image:var(--divider-pattern-url);mask-image:var(--divider-pattern-url)}.elementor-widget-divider--no-spacing{--divider-pattern-size:auto}.elementor-widget-divider--bg-round{--divider-pattern-repeat:round}.rtl .elementor-widget-divider .elementor-divider__text{direction:rtl}.e-con-inner>.elementor-widget-divider,.e-con>.elementor-widget-divider{width:var(--container-widget-width,100%);--flex-grow:var(--container-widget-flex-grow)}<\/style>\t\t<div class=\"elementor-divider\">\n\t\t\t<span class=\"elementor-divider-separator\">\n\t\t\t\t\t\t<\/span>\n\t\t<\/div>\n\t\t\t\t<\/div>\n\t\t\t\t<\/div>\n\t\t\t\t\t<\/div>\n\t\t<\/div>\n\t\t\t\t\t\t\t<\/div>\n\t\t<\/section>\n\t\t\t\t<section class=\"elementor-section elementor-top-section elementor-element elementor-element-059f48b elementor-section-boxed elementor-section-height-default elementor-section-height-default\" data-id=\"059f48b\" data-element_type=\"section\">\n\t\t\t\t\t\t\t<div class=\"elementor-background-overlay\"><\/div>\n\t\t\t\t\t\t\t<div class=\"elementor-container elementor-column-gap-default\">\n\t\t\t\t\t<div class=\"elementor-column elementor-col-100 elementor-top-column elementor-element elementor-element-0da91f1\" data-id=\"0da91f1\" data-element_type=\"column\">\n\t\t\t<div class=\"elementor-widget-wrap elementor-element-populated\">\n\t\t\t\t\t\t\t\t<div class=\"elementor-element elementor-element-24cdd84 elementor-widget elementor-widget-heading\" data-id=\"24cdd84\" data-element_type=\"widget\" data-widget_type=\"heading.default\">\n\t\t\t\t<div class=\"elementor-widget-container\">\n\t\t\t<style>\/*! elementor - v3.11.5 - 14-03-2023 *\/\n.elementor-heading-title{padding:0;margin:0;line-height:1}.elementor-widget-heading .elementor-heading-title[class*=elementor-size-]>a{color:inherit;font-size:inherit;line-height:inherit}.elementor-widget-heading .elementor-heading-title.elementor-size-small{font-size:15px}.elementor-widget-heading .elementor-heading-title.elementor-size-medium{font-size:19px}.elementor-widget-heading .elementor-heading-title.elementor-size-large{font-size:29px}.elementor-widget-heading .elementor-heading-title.elementor-size-xl{font-size:39px}.elementor-widget-heading .elementor-heading-title.elementor-size-xxl{font-size:59px}<\/style><h2 class=\"elementor-heading-title elementor-size-default\">Documents<\/h2>\t\t<\/div>\n\t\t\t\t<\/div>\n\t\t\t\t<div class=\"elementor-element elementor-element-886bdd0 elementor-widget elementor-widget-text-editor\" data-id=\"886bdd0\" data-element_type=\"widget\" data-widget_type=\"text-editor.default\">\n\t\t\t\t<div class=\"elementor-widget-container\">\n\t\t\t\t\t\t\t<p><a href=\"https:\/\/www.sure.be\/wp-content\/uploads\/2022\/07\/Conditions-Generales-NN-Home.pdf\">Conditions g\u00e9n\u00e9rales Sure Home<\/a><br \/><br \/><\/p><p><a style=\"font-family: inherit; font-weight: var( --e-global-typography-text-font-weight ); background-color: #ffffff; font-size: 1rem; letter-spacing: -0.011em;\" href=\"https:\/\/www.sure.be\/wp-content\/uploads\/2022\/07\/Information-produit-NN-Home.pdf\">Fiche d\u2019information Sure Home<\/a><\/p>\t\t\t\t\t\t<\/div>\n\t\t\t\t<\/div>\n\t\t\t\t\t<\/div>\n\t\t<\/div>\n\t\t\t\t\t\t\t<\/div>\n\t\t<\/section>\n\t\t\t\t\t\t\t<\/div>\n\t\t","protected":false},"excerpt":{"rendered":"<p>Vous \u00eates propri\u00e9taire et vous cherchez une assurance incendie ? Demandez votre prime ici. Calculez votre assurance incendie Une assurance incendie: obligatoire ou non ? Oui. La banque vous obligera contractuellement \u00e0 prendre une assurance incendie. Quand vous contractez un cr\u00e9dit hypoth\u00e9caire pour acheter votre logement, comme la plupart des gens le font, la banque [&hellip;]<\/p>\n","protected":false},"author":5,"featured_media":0,"parent":0,"menu_order":0,"comment_status":"closed","ping_status":"closed","template":"","meta":{"footnotes":""},"class_list":["post-11273","page","type-page","status-publish","hentry"],"yoast_head":"<!-- This site is optimized with the Yoast SEO plugin v20.3 - https:\/\/yoast.com\/wordpress\/plugins\/seo\/ -->\n<title>Assurance incendie propri\u00e9taire - Sure.be<\/title>\n<meta name=\"description\" content=\"Vous cherchez une assurance incendie en tant que propri\u00e9taire ? D\u00e9couvrez ici l&#039;assurance incendie de Sure. Facile, bon march\u00e9 et surtout en ligne !\" \/>\n<meta name=\"robots\" content=\"index, follow, max-snippet:-1, max-image-preview:large, max-video-preview:-1\" \/>\n<link rel=\"canonical\" href=\"https:\/\/www.sure.be\/fr\/assurance-incendie-proprietaire\" \/>\n<meta property=\"og:locale\" content=\"fr_FR\" \/>\n<meta property=\"og:type\" content=\"article\" \/>\n<meta property=\"og:title\" content=\"Assurance incendie propri\u00e9taire - Sure.be\" \/>\n<meta property=\"og:description\" content=\"Vous cherchez une assurance incendie en tant que propri\u00e9taire ? D\u00e9couvrez ici l&#039;assurance incendie de Sure. Facile, bon march\u00e9 et surtout en ligne !\" \/>\n<meta property=\"og:url\" content=\"https:\/\/www.sure.be\/fr\/assurance-incendie-proprietaire\" \/>\n<meta property=\"og:site_name\" content=\"Sure.be\" \/>\n<meta property=\"article:modified_time\" content=\"2023-04-03T07:28:57+00:00\" \/>\n<meta name=\"twitter:card\" content=\"summary_large_image\" \/>\n<meta name=\"twitter:label1\" content=\"Dur\u00e9e de lecture estim\u00e9e\" \/>\n\t<meta name=\"twitter:data1\" content=\"5 minutes\" \/>\n<script type=\"application\/ld+json\" class=\"yoast-schema-graph\">{\"@context\":\"https:\/\/schema.org\",\"@graph\":[{\"@type\":\"WebPage\",\"@id\":\"https:\/\/www.sure.be\/fr\/assurance-incendie-proprietaire\",\"url\":\"https:\/\/www.sure.be\/fr\/assurance-incendie-proprietaire\",\"name\":\"Assurance incendie propri\u00e9taire - Sure.be\",\"isPartOf\":{\"@id\":\"https:\/\/www.sure.be\/fr#website\"},\"datePublished\":\"2022-07-04T12:58:04+00:00\",\"dateModified\":\"2023-04-03T07:28:57+00:00\",\"description\":\"Vous cherchez une assurance incendie en tant que propri\u00e9taire ? D\u00e9couvrez ici l'assurance incendie de Sure. Facile, bon march\u00e9 et surtout en ligne !\",\"breadcrumb\":{\"@id\":\"https:\/\/www.sure.be\/fr\/assurance-incendie-proprietaire#breadcrumb\"},\"inLanguage\":\"fr-FR\",\"potentialAction\":[{\"@type\":\"ReadAction\",\"target\":[\"https:\/\/www.sure.be\/fr\/assurance-incendie-proprietaire\"]}]},{\"@type\":\"BreadcrumbList\",\"@id\":\"https:\/\/www.sure.be\/fr\/assurance-incendie-proprietaire#breadcrumb\",\"itemListElement\":[{\"@type\":\"ListItem\",\"position\":1,\"name\":\"Home\",\"item\":\"https:\/\/www.sure.be\/fr\"},{\"@type\":\"ListItem\",\"position\":2,\"name\":\"Assurance incendie propri\u00e9taire\"}]},{\"@type\":\"WebSite\",\"@id\":\"https:\/\/www.sure.be\/fr#website\",\"url\":\"https:\/\/www.sure.be\/fr\",\"name\":\"Sure.be\",\"description\":\"Een goedkope verzekering online? Sure!\",\"publisher\":{\"@id\":\"https:\/\/www.sure.be\/fr#organization\"},\"potentialAction\":[{\"@type\":\"SearchAction\",\"target\":{\"@type\":\"EntryPoint\",\"urlTemplate\":\"https:\/\/www.sure.be\/fr?s={search_term_string}\"},\"query-input\":\"required name=search_term_string\"}],\"inLanguage\":\"fr-FR\"},{\"@type\":\"Organization\",\"@id\":\"https:\/\/www.sure.be\/fr#organization\",\"name\":\"Sure.be\",\"url\":\"https:\/\/www.sure.be\/fr\",\"logo\":{\"@type\":\"ImageObject\",\"inLanguage\":\"fr-FR\",\"@id\":\"https:\/\/www.sure.be\/fr#\/schema\/logo\/image\/\",\"url\":\"https:\/\/www.sure.be\/wp-content\/uploads\/2022\/06\/cropped-cropped-Sure-02.png\",\"contentUrl\":\"https:\/\/www.sure.be\/wp-content\/uploads\/2022\/06\/cropped-cropped-Sure-02.png\",\"width\":334,\"height\":153,\"caption\":\"Sure.be\"},\"image\":{\"@id\":\"https:\/\/www.sure.be\/fr#\/schema\/logo\/image\/\"}}]}<\/script>\n<!-- \/ Yoast SEO plugin. -->","yoast_head_json":{"title":"Assurance incendie propri\u00e9taire - Sure.be","description":"Vous cherchez une assurance incendie en tant que propri\u00e9taire ? D\u00e9couvrez ici l'assurance incendie de Sure. Facile, bon march\u00e9 et surtout en ligne !","robots":{"index":"index","follow":"follow","max-snippet":"max-snippet:-1","max-image-preview":"max-image-preview:large","max-video-preview":"max-video-preview:-1"},"canonical":"https:\/\/www.sure.be\/fr\/assurance-incendie-proprietaire","og_locale":"fr_FR","og_type":"article","og_title":"Assurance incendie propri\u00e9taire - Sure.be","og_description":"Vous cherchez une assurance incendie en tant que propri\u00e9taire ? D\u00e9couvrez ici l'assurance incendie de Sure. Facile, bon march\u00e9 et surtout en ligne !","og_url":"https:\/\/www.sure.be\/fr\/assurance-incendie-proprietaire","og_site_name":"Sure.be","article_modified_time":"2023-04-03T07:28:57+00:00","twitter_card":"summary_large_image","twitter_misc":{"Dur\u00e9e de lecture estim\u00e9e":"5 minutes"},"schema":{"@context":"https:\/\/schema.org","@graph":[{"@type":"WebPage","@id":"https:\/\/www.sure.be\/fr\/assurance-incendie-proprietaire","url":"https:\/\/www.sure.be\/fr\/assurance-incendie-proprietaire","name":"Assurance incendie propri\u00e9taire - Sure.be","isPartOf":{"@id":"https:\/\/www.sure.be\/fr#website"},"datePublished":"2022-07-04T12:58:04+00:00","dateModified":"2023-04-03T07:28:57+00:00","description":"Vous cherchez une assurance incendie en tant que propri\u00e9taire ? D\u00e9couvrez ici l'assurance incendie de Sure. Facile, bon march\u00e9 et surtout en ligne !","breadcrumb":{"@id":"https:\/\/www.sure.be\/fr\/assurance-incendie-proprietaire#breadcrumb"},"inLanguage":"fr-FR","potentialAction":[{"@type":"ReadAction","target":["https:\/\/www.sure.be\/fr\/assurance-incendie-proprietaire"]}]},{"@type":"BreadcrumbList","@id":"https:\/\/www.sure.be\/fr\/assurance-incendie-proprietaire#breadcrumb","itemListElement":[{"@type":"ListItem","position":1,"name":"Home","item":"https:\/\/www.sure.be\/fr"},{"@type":"ListItem","position":2,"name":"Assurance incendie propri\u00e9taire"}]},{"@type":"WebSite","@id":"https:\/\/www.sure.be\/fr#website","url":"https:\/\/www.sure.be\/fr","name":"Sure.be","description":"Een goedkope verzekering online? Sure!","publisher":{"@id":"https:\/\/www.sure.be\/fr#organization"},"potentialAction":[{"@type":"SearchAction","target":{"@type":"EntryPoint","urlTemplate":"https:\/\/www.sure.be\/fr?s={search_term_string}"},"query-input":"required name=search_term_string"}],"inLanguage":"fr-FR"},{"@type":"Organization","@id":"https:\/\/www.sure.be\/fr#organization","name":"Sure.be","url":"https:\/\/www.sure.be\/fr","logo":{"@type":"ImageObject","inLanguage":"fr-FR","@id":"https:\/\/www.sure.be\/fr#\/schema\/logo\/image\/","url":"https:\/\/www.sure.be\/wp-content\/uploads\/2022\/06\/cropped-cropped-Sure-02.png","contentUrl":"https:\/\/www.sure.be\/wp-content\/uploads\/2022\/06\/cropped-cropped-Sure-02.png","width":334,"height":153,"caption":"Sure.be"},"image":{"@id":"https:\/\/www.sure.be\/fr#\/schema\/logo\/image\/"}}]}},"_links":{"self":[{"href":"https:\/\/www.sure.be\/fr\/wp-json\/wp\/v2\/pages\/11273","targetHints":{"allow":["GET"]}}],"collection":[{"href":"https:\/\/www.sure.be\/fr\/wp-json\/wp\/v2\/pages"}],"about":[{"href":"https:\/\/www.sure.be\/fr\/wp-json\/wp\/v2\/types\/page"}],"author":[{"embeddable":true,"href":"https:\/\/www.sure.be\/fr\/wp-json\/wp\/v2\/users\/5"}],"replies":[{"embeddable":true,"href":"https:\/\/www.sure.be\/fr\/wp-json\/wp\/v2\/comments?post=11273"}],"version-history":[{"count":32,"href":"https:\/\/www.sure.be\/fr\/wp-json\/wp\/v2\/pages\/11273\/revisions"}],"predecessor-version":[{"id":11657,"href":"https:\/\/www.sure.be\/fr\/wp-json\/wp\/v2\/pages\/11273\/revisions\/11657"}],"wp:attachment":[{"href":"https:\/\/www.sure.be\/fr\/wp-json\/wp\/v2\/media?parent=11273"}],"curies":[{"name":"wp","href":"https:\/\/api.w.org\/{rel}","templated":true}]}}